{"id":130,"date":"2014-12-04T14:09:26","date_gmt":"2014-12-04T14:09:26","guid":{"rendered":"http:\/\/orlisko.pl\/?page_id=130"},"modified":"2024-08-01T16:07:45","modified_gmt":"2024-08-01T14:07:45","slug":"o-nas","status":"publish","type":"page","link":"https:\/\/orlisko.pl\/?page_id=130","title":{"rendered":"O nas"},"content":{"rendered":"<div id=\"isotope-service-container\" class=\"row isotope\">\n<div class=\" col-md-4 service\">\n<div class=\"front-people\">\n<div class=\"enigma_service_area appear-animation bounceIn appear-animation-visible\">\n<div class=\"enigma_service_iocn pull-left\" style=\"text-align: center;\"><a class=\"circle\"><img decoding=\"async\" src=\"http:\/\/orlisko.pl\/wp-content\/uploads\/2014\/12\/Adler-Donata1-100.jpg\" alt=\"Donata Adler \" width=\"100\" height=\"100\" class=\"aligncenter size-full wp-image-160\" \/><\/a><\/div>\n<div class=\"enigma_service_detail media-body\">\n<h3><a>Donata Adler<\/a><\/h3>\n<p>Orlisko PR, Krak\u00f3w<\/p>\n<\/div>\n<\/div>\n<\/div>\n<\/div>\n<div class=\" col-md-4 service\">\n<div class=\"front-people\">\n<div class=\"enigma_service_area appear-animation bounceIn appear-animation-visible\">\n<div class=\"enigma_service_iocn pull-left\"><a class=\"circle\"><img fetchpriority=\"high\" decoding=\"async\" class=\"aligncenter size-full wp-image-134\" src=\"http:\/\/orlisko.pl\/wp-content\/uploads\/2014\/12\/RENATA-WOJCIK_2.jpg\" alt=\"Renata W\u00f3jcik\" width=\"330\" height=\"330\" srcset=\"https:\/\/orlisko.pl\/wp-content\/uploads\/2014\/12\/RENATA-WOJCIK_2.jpg 330w, https:\/\/orlisko.pl\/wp-content\/uploads\/2014\/12\/RENATA-WOJCIK_2-150x150.jpg 150w, https:\/\/orlisko.pl\/wp-content\/uploads\/2014\/12\/RENATA-WOJCIK_2-300x300.jpg 300w\" sizes=\"(max-width: 330px) 100vw, 330px\" \/><\/a><\/div>\n<div class=\"enigma_service_detail media-body\">\n<h3><a>Renata W\u00f3jcik<\/a><\/h3>\n<p>Orlisko PR, Warszawa<\/p>\n<\/div>\n<\/div>\n<\/div>\n<\/div>\n<div class=\" col-md-4 service\">\n<div class=\"front-people\">\n<div class=\"enigma_service_area appear-animation bounceIn appear-animation-visible\">\n<div class=\"enigma_service_iocn pull-left\"><a class=\"circle\"><img decoding=\"async\" class=\"aligncenter size-full wp-image-133\" src=\"http:\/\/orlisko.pl\/wp-content\/uploads\/2014\/12\/eagle.jpg\" alt=\"eagle\" width=\"200\" height=\"200\" srcset=\"https:\/\/orlisko.pl\/wp-content\/uploads\/2014\/12\/eagle.jpg 200w, https:\/\/orlisko.pl\/wp-content\/uploads\/2014\/12\/eagle-150x150.jpg 150w\" sizes=\"(max-width: 200px) 100vw, 200px\" \/><\/a><\/div>\n<div class=\"enigma_service_detail media-body\">\n<h3><a>Orlisko PR<\/a><\/h3>\n<p>Or\u0142y wznosz\u0105 si\u0119 najwy\u017cej!<\/p>\n<\/div>\n<\/div>\n<\/div>\n<\/div>\n<\/div>\n","protected":false},"excerpt":{"rendered":"<p>Donata Adler Orlisko PR, Krak\u00f3w Renata W\u00f3jcik Orlisko PR, Warszawa Orlisko PR Or\u0142y wznosz\u0105 si\u0119 najwy\u017cej!<\/p>\n","protected":false},"author":1,"featured_media":0,"parent":0,"menu_order":0,"comment_status":"closed","ping_status":"open","template":"","meta":{"footnotes":""},"class_list":["post-130","page","type-page","status-publish","hentry"],"_links":{"self":[{"href":"https:\/\/orlisko.pl\/index.php?rest_route=\/wp\/v2\/pages\/130"}],"collection":[{"href":"https:\/\/orlisko.pl\/index.php?rest_route=\/wp\/v2\/pages"}],"about":[{"href":"https:\/\/orlisko.pl\/index.php?rest_route=\/wp\/v2\/types\/page"}],"author":[{"embeddable":true,"href":"https:\/\/orlisko.pl\/index.php?rest_route=\/wp\/v2\/users\/1"}],"replies":[{"embeddable":true,"href":"https:\/\/orlisko.pl\/index.php?rest_route=%2Fwp%2Fv2%2Fcomments&post=130"}],"version-history":[{"count":1,"href":"https:\/\/orlisko.pl\/index.php?rest_route=\/wp\/v2\/pages\/130\/revisions"}],"predecessor-version":[{"id":285,"href":"https:\/\/orlisko.pl\/index.php?rest_route=\/wp\/v2\/pages\/130\/revisions\/285"}],"wp:attachment":[{"href":"https:\/\/orlisko.pl\/index.php?rest_route=%2Fwp%2Fv2%2Fmedia&parent=130"}],"curies":[{"name":"wp","href":"https:\/\/api.w.org\/{rel}","templated":true}]}}