{"id":191,"date":"2014-12-18T15:52:26","date_gmt":"2014-12-18T15:52:26","guid":{"rendered":"http:\/\/orlisko.pl\/?page_id=191"},"modified":"2024-08-01T16:07:45","modified_gmt":"2024-08-01T14:07:45","slug":"galeria-kazimierz-poznajmy-sie-na-nowo","status":"publish","type":"page","link":"https:\/\/orlisko.pl\/?page_id=191","title":{"rendered":"GALERIA KAZIMIERZ &#8211; poznajmy si\u0119 na nowo"},"content":{"rendered":"<p>Galeria Kazimierz<br \/>\nInvesco Real Estate<br \/>\nCBRE<br \/>\n<a title=\"www.galeriakazimierz.pl\" href=\"http:\/\/www.galeriakazimierz.pl\" target=\"_blank\" rel=\"noopener\">www.galeriakazimierz.pl<\/a><\/p>\n<p>Krak\u00f3w, dnia 1 grudnia 2014<\/p>\n<p style=\"text-align: center;\">INFORMACJA PRASOWA<\/p>\n<p style=\"text-align: center;\"><strong>GALERIA KAZIMIERZ &#8211; poznajmy si\u0119 na nowo<\/strong><\/p>\n<div class=\"justify\">\u201eBycie kobiet\u0105 oznacza bycie wykszta\u0142con\u0105 pracownic\u0105, matk\u0105, \u017con\u0105, znawc\u0105 mody, modelk\u0105 i dostarczycielem rozrywki. Wszystkie te role trzeba pe\u0142ni\u0107 jednocze\u015bnie, nie wariuj\u0105c przy tym.\u201d<br \/>\n\u0179r\u00f3d\u0142o: Cassandra Report 2013Galeria to kobieta. Musi by\u0107 wszechstronna i ci\u0105gle d\u0105\u017cy\u0107 do idea\u0142u, by sprosta\u0107 wszystkim wyzwaniom i funkcjom, jakie piastuje. Klient\u00f3w do Galerii przyci\u0105gaj\u0105 nie tylko zakupy, badania wskazuj\u0105, \u017ce chodz\u0105 tam, by spotka\u0107 si\u0119 ze znajomymi (49,5%), szukaj\u0105 kontaktu z kultur\u0105, chc\u0105 si\u0119 zainspirowa\u0107 (40%), by wiedzie\u0107 co jest modne i na czasie.<br \/>\n\u017br\u00f3d\u0142o: Badanie Galerii Handlowych ATM Grupa<\/p>\n<p><strong>Dlatego te\u017c, Galeria Kazimierz zmienia si\u0119, by jak najlepiej zaspokaja\u0107 potrzeby swoich klient\u00f3w!<\/strong><br \/>\nA ma do tego wszelkie niezb\u0119dne narz\u0119dzia \u2013 doskona\u0142e po\u0142o\u017cenie (dzielnica Kazimierz kojarzy si\u0119 krakowianom z miejscem powstawania trend\u00f3w, z artystami, dobrym jedzeniem, wyj\u0105tkowym klimatem.), baz\u0119 lojalnych klient\u00f3w budowan\u0105 przez lata, spokojn\u0105 i przyjazn\u0105 atmosfer\u0119 zakup\u00f3w.<\/p>\n<p><strong>Nie czas jednak spoczywa\u0107 na laurach!<\/strong><br \/>\nGaleria w rok 2014 wkroczy\u0142a z nowym w\u0142a\u015bcicielem (Invesco Real Estate) i zarz\u0105dc\u0105 (CBRE) i od razu zapowiada\u0142a zmiany. Dzi\u015b, w listopadzie, ju\u017c wiemy, \u017ce nie by\u0142y to obietnice bez pokrycia. Liczne modernizacje (parkingi, toalety, cz\u0119\u015bci wsp\u00f3lne) u\u0142atwi\u0105 i uprzyjemni\u0105 pobyt w galerii.<\/p>\n<p><em>\u201eMamy \u015bwiadomo\u015b\u0107, \u017ce remont parkingu czy modernizacja cz\u0119\u015bci toalet to chwilowa niedogodno\u015b\u0107 dla klient\u00f3w, niemniej jeste\u015bmy przekonani, \u017ce efekt prac spe\u0142ni oczekiwania i spowoduje, \u017ce zakupy w Galerii Kazimierz b\u0119d\u0105 dostarcza\u0142y klientom pozytywnych wra\u017ce\u0144. Jednocze\u015bnie zapewniam, \u017ce dok\u0142adamy wszelkich stara\u0144, by remonty jak najmniej utrudnia\u0142y zakupy i korzystanie z infrastruktury Galerii. Wkr\u00f3tce b\u0119dziemy jedynym miejscem w Krakowie dysponuj\u0105cym tak szerok\u0105 ofert\u0105 us\u0142ug dla naszych klient\u00f3w zlokalizowanych na parkingu Galerii. Mog\u0119 wymieni\u0107 m.in miejsca postojowe z szafkami dla motocyklist\u00f3w, stacje \u0142adownia pojazd\u00f3w elektrycznych, punkty samoobs\u0142ugowej naprawy rower\u00f3w czy specjaln\u0105 myjk\u0119 r\u0119czn\u0105 przystosowan\u0105 do czyszczenia jedno\u015blad\u00f3w. To jest pocz\u0105tek zmian, kt\u00f3re s\u0105 ukierunkowane na zapewnienie jeszcze wy\u017cszej jako\u015bci us\u0142ug dla naszych klient\u00f3w \u201d<\/em> \u2013 m\u00f3wi Pawe\u0142 Kotlarski, dyrektor Galerii Kazimierz.<\/p>\n<p>Nowy plan leasingowy pozwoli od\u015bwie\u017cy portfolio i pozwoli klientom nad\u0105\u017ca\u0107 za trendami. A nowa linia marketingu to najwi\u0119ksza sensacja sezonu.<\/p>\n<p><em>\u201eTen rok jest dla nas niezwykle ekscytuj\u0105cy, szczeg\u00f3lnie, \u017ce nadchodz\u0105ca grudniowa kampania przyniesie wielkie zmiany. \u2013 m\u00f3wi Dominika Musialik, marketing manager &#8211; B\u0119dziemy jeszcze bardziej modowi, jeszcze bardziej krakowscy, jeszcze bardziej przyja\u017ani i skupieni na pragnieniach naszych klient\u00f3w. Wierzymy, \u017ce na pozytywn\u0105 opini\u0119 klient\u00f3w nie trzeba b\u0119dzie d\u0142ugo czeka\u0107. Ju\u017c teraz otrzymujemy g\u0142osy wsparcia od najemc\u00f3w, kt\u00f3rzy s\u0105 zadowoleni ze zmian, jakie im proponujemy.\u201d<\/em><br \/>\nAlicja Bachleda Curu\u015b \u2013 aktorka, mama, osoba niezwykle blisko zwi\u0105zana z regionem i kulturalno-artystyczn\u0105 stron\u0105 Galerii Kazimierz \u2013 rozpocz\u0119\u0142a w\u0142a\u015bnie swoj\u0105 wsp\u00f3\u0142prac\u0119 z Galeri\u0105. B\u0119dzie nie tylko Ambasadork\u0105 Galerii, ale r\u00f3wnie\u017c u\u015bwietni swoj\u0105 obecno\u015bci\u0105 wydarzenia, szczeg\u00f3lnie te zwi\u0105zane ze sztuk\u0105 i CSR.<\/p>\n<p>Dzia\u0142ania marketingowe w Galerii handlowej maj\u0105 na celu powodowa\u0107 wzrosty dw\u00f3ch g\u0142\u00f3wnych wska\u017anik\u00f3w odwiedzalno\u015bci przez klient\u00f3w oraz wy\u017cszym obrotom lokali handlowych. Jest to najprostsza recepta na sukces najemc\u00f3w ale mo\u017cna te\u017c pr\u00f3bowa\u0107 dzia\u0142a\u0107 na dodatkowych polach wsp\u00f3\u0142pracy. Wa\u017cne jest tak\u017ce, aby wskazywa\u0107 im obszary do udoskonalenia w\u0142asnego biznesu, oferowa\u0107 mo\u017cliwo\u015b\u0107 aktywnego zaanga\u017cowania si\u0119 w prowadzone akcje, zaprezentowania oferty w niestandardowy spos\u00f3b, np. poprzez cross marketing.<\/p>\n<p><em>Galeria handlowa jest \u017cywym organizmem, zmieniaj\u0105cym si\u0119 pod wp\u0142ywam trend\u00f3w modowych i kulturowych, nastroj\u00f3w konsumenckich ale przede wszystkim poprzez jak udoskonalanie oferty dla klient\u00f3w. By\u015bmy mogli odpowiedni\u0105 ofert\u0119 zaprezentowa\u0107 klientom musimy budowa\u0107 trwa\u0142e, biznesowe relacje z najemcami, w kt\u00f3rych potrzeba wzajemnego dialogu i zrozumienia potrzeb ka\u017cdej ze stron &#8211; m\u00f3wi Pawe\u0142 Kotlarski &#8211; Wspieranie najemc\u00f3w stawiamy sobie jako jeden z priorytet\u00f3w i wierzymy, \u017ce b\u0119d\u0105 z nami rami\u0119 w rami\u0119 dzia\u0142a\u0107 podwy\u017cszaj\u0105c przy naszej pomocy poziom obs\u0142ugi klienta. Jeste\u015bmy przekonani, \u017ce wsp\u00f3lne wysi\u0142ki pozwol\u0105 nam osi\u0105gn\u0105\u0107 wsp\u00f3lny biznesowy sukces.<\/em><\/p>\n<p><em> Nowym logo i udzia\u0142em Ambasadorki w kampanii sk\u0142adamy obietnic\u0119 zmian.\u00a0Utrwalamy ten wizerunek mocnymi kampaniami outdoorowymi, ale te\u017c zmian\u0105 oferty Galerii i ciekawymi wydarzeniami<\/em> &#8211; podsumowuje Dominika Musialik, marketing manager.<\/p>\n<\/div>\n<p>Za\u0142\u0105czone fotografie:<br \/>\nSesja na zlecenie Galerii Kazimierz<br \/>\nFot. Piotr Stok\u0142osa<\/p>\n<p>Konferencja prasowa Krak\u00f3w, Klub Baroque, 27 listopada 2014<br \/>\nFot. Micha\u0142 Loroch<\/p>\n<p>Kontakt dla medi\u00f3w:<br \/>\nDonata Adler<br \/>\nOrlisko PR<br \/>\ntel. 604 529 409<br \/>\ne-mail: biuro@orlisko.pl<\/p>\n","protected":false},"excerpt":{"rendered":"<p>Galeria Kazimierz Invesco Real Estate CBRE www.galeriakazimierz.pl Krak\u00f3w, dnia 1 grudnia 2014 INFORMACJA PRASOWA GALERIA KAZIMIERZ &#8211; poznajmy si\u0119 na nowo \u201eBycie kobiet\u0105 oznacza bycie wykszta\u0142con\u0105 pracownic\u0105, matk\u0105, \u017con\u0105, znawc\u0105 mody, modelk\u0105 i dostarczycielem rozrywki. Wszystkie te role trzeba pe\u0142ni\u0107 jednocze\u015bnie, nie wariuj\u0105c przy tym.\u201d \u0179r\u00f3d\u0142o: Cassandra Report 2013Galeria to kobieta. Musi by\u0107 wszechstronna i&hellip;<\/p>\n","protected":false},"author":1,"featured_media":0,"parent":225,"menu_order":0,"comment_status":"closed","ping_status":"open","template":"","meta":{"footnotes":""},"class_list":["post-191","page","type-page","status-publish","hentry"],"_links":{"self":[{"href":"https:\/\/orlisko.pl\/index.php?rest_route=\/wp\/v2\/pages\/191"}],"collection":[{"href":"https:\/\/orlisko.pl\/index.php?rest_route=\/wp\/v2\/pages"}],"about":[{"href":"https:\/\/orlisko.pl\/index.php?rest_route=\/wp\/v2\/types\/page"}],"author":[{"embeddable":true,"href":"https:\/\/orlisko.pl\/index.php?rest_route=\/wp\/v2\/users\/1"}],"replies":[{"embeddable":true,"href":"https:\/\/orlisko.pl\/index.php?rest_route=%2Fwp%2Fv2%2Fcomments&post=191"}],"version-history":[{"count":1,"href":"https:\/\/orlisko.pl\/index.php?rest_route=\/wp\/v2\/pages\/191\/revisions"}],"predecessor-version":[{"id":283,"href":"https:\/\/orlisko.pl\/index.php?rest_route=\/wp\/v2\/pages\/191\/revisions\/283"}],"up":[{"embeddable":true,"href":"https:\/\/orlisko.pl\/index.php?rest_route=\/wp\/v2\/pages\/225"}],"wp:attachment":[{"href":"https:\/\/orlisko.pl\/index.php?rest_route=%2Fwp%2Fv2%2Fmedia&parent=191"}],"curies":[{"name":"wp","href":"https:\/\/api.w.org\/{rel}","templated":true}]}}